{"id":101,"date":"2014-02-19T11:55:03","date_gmt":"2014-02-19T10:55:03","guid":{"rendered":"http:\/\/leguyader-luthier.com\/?page_id=101"},"modified":"2015-08-17T20:37:01","modified_gmt":"2015-08-17T19:37:01","slug":"contact","status":"publish","type":"page","link":"http:\/\/leguyader-luthier.com\/en\/contact\/","title":{"rendered":"Contact"},"content":{"rendered":"<p><\/p>\n<p><p style=\"float: right;\">Laurent LE GUYADER<br \/>\n67 avenue Gros Malhon RENNES<br \/>\n06 15 48 39 74<\/p>\n<p>A traduire en anglais<\/p>\n<p>Au c\u0153ur du quartier Saint Martin \u00e0 Rennes, \u00e0 deux pas du canal, l&#8217;atelier est id\u00e9alement situ\u00e9 :<\/p>\n<ul>\n<li>\u00e0 10 mn \u00e0 pieds du centre-ville<\/li>\n<li>\u00e0 15 mn en transports en commun (bus et m\u00e9tro) de la gare SNCF<\/li>\n<li>\u00e0 20 mn de l&#8217;a\u00e9roport de Rennes \u2013 St Jacques en voiture<\/li>\n<\/ul>\n<p>Vous pouvez me contacter par e-mail en remplissant le formulaire ci-dessous :<\/p>\n<p><\/p>","protected":false},"excerpt":{"rendered":"<p>Laurent LE GUYADER 67 avenue Gros Malhon RENNES 06 15 48 39 74 A traduire en anglais Au c\u0153ur du quartier Saint Martin \u00e0 Rennes, \u00e0 deux pas du canal, l&#8217;atelier est id\u00e9alement situ\u00e9 : \u00e0 10 mn \u00e0 pieds du centre-ville \u00e0 15 mn en transports en commun (bus et m\u00e9tro) de la gare [&hellip;]<\/p>\n","protected":false},"author":1,"featured_media":0,"parent":0,"menu_order":0,"comment_status":"closed","ping_status":"open","template":"page.template.contact.php","meta":[],"_links":{"self":[{"href":"http:\/\/leguyader-luthier.com\/en\/wp-json\/wp\/v2\/pages\/101"}],"collection":[{"href":"http:\/\/leguyader-luthier.com\/en\/wp-json\/wp\/v2\/pages"}],"about":[{"href":"http:\/\/leguyader-luthier.com\/en\/wp-json\/wp\/v2\/types\/page"}],"author":[{"embeddable":true,"href":"http:\/\/leguyader-luthier.com\/en\/wp-json\/wp\/v2\/users\/1"}],"replies":[{"embeddable":true,"href":"http:\/\/leguyader-luthier.com\/en\/wp-json\/wp\/v2\/comments?post=101"}],"version-history":[{"count":0,"href":"http:\/\/leguyader-luthier.com\/en\/wp-json\/wp\/v2\/pages\/101\/revisions"}],"wp:attachment":[{"href":"http:\/\/leguyader-luthier.com\/en\/wp-json\/wp\/v2\/media?parent=101"}],"curies":[{"name":"wp","href":"https:\/\/api.w.org\/{rel}","templated":true}]}}