{"id":67,"date":"2014-02-14T16:35:17","date_gmt":"2014-02-14T15:35:17","guid":{"rendered":"http:\/\/leguyader-luthier.com\/?page_id=67"},"modified":"2025-07-20T20:30:29","modified_gmt":"2025-07-20T19:30:29","slug":"latelier","status":"publish","type":"page","link":"http:\/\/leguyader-luthier.com\/en\/latelier\/","title":{"rendered":"Workshop"},"content":{"rendered":"<p><\/p>\n<p><p>A traduire en anglais.<\/p>\n<h3>L&#8217;environnement<\/h3>\n<h3><img loading=\"lazy\" class=\"alignnone size-medium wp-image-221\" alt=\"LEGUYADER-ATELIER-LUTHERIE__0126\" src=\"http:\/\/leguyader-luthier.com\/wp-content\/uploads\/2014\/02\/LEGUYADER-ATELIER-LUTHERIE__0126-405x270.jpg\" width=\"405\" height=\"270\" srcset=\"http:\/\/leguyader-luthier.com\/wp-content\/uploads\/2014\/02\/LEGUYADER-ATELIER-LUTHERIE__0126-405x270.jpg 405w, http:\/\/leguyader-luthier.com\/wp-content\/uploads\/2014\/02\/LEGUYADER-ATELIER-LUTHERIE__0126-611x407.jpg 611w, http:\/\/leguyader-luthier.com\/wp-content\/uploads\/2014\/02\/LEGUYADER-ATELIER-LUTHERIE__0126.jpg 1000w\" sizes=\"(max-width: 405px) 100vw, 405px\" \/> <a href=\"http:\/\/leguyader-luthier.com\/wp-content\/uploads\/2014\/02\/LEGUYADER-ATELIER-LUTHERIE__0224.jpg\"><img loading=\"lazy\" class=\"alignnone size-medium wp-image-222\" alt=\"LEGUYADER-ATELIER-LUTHERIE__0224\" src=\"http:\/\/leguyader-luthier.com\/wp-content\/uploads\/2014\/02\/LEGUYADER-ATELIER-LUTHERIE__0224-405x270.jpg\" width=\"405\" height=\"270\" \/><\/a><\/h3>\n<h3>Les bois<\/h3>\n<h3><a href=\"http:\/\/leguyader-luthier.com\/wp-content\/uploads\/2014\/04\/LEGUYADER-ATELIER-LUTHERIE__0034.jpg\"><img loading=\"lazy\" class=\"size-medium wp-image-212 alignright\" alt=\"LEGUYADER-ATELIER-LUTHERIE__0034\" src=\"http:\/\/leguyader-luthier.com\/wp-content\/uploads\/2014\/04\/LEGUYADER-ATELIER-LUTHERIE__0034-405x270.jpg\" width=\"405\" height=\"270\" srcset=\"http:\/\/leguyader-luthier.com\/wp-content\/uploads\/2014\/04\/LEGUYADER-ATELIER-LUTHERIE__0034-405x270.jpg 405w, http:\/\/leguyader-luthier.com\/wp-content\/uploads\/2014\/04\/LEGUYADER-ATELIER-LUTHERIE__0034-611x407.jpg 611w, http:\/\/leguyader-luthier.com\/wp-content\/uploads\/2014\/04\/LEGUYADER-ATELIER-LUTHERIE__0034.jpg 1000w\" sizes=\"(max-width: 405px) 100vw, 405px\" \/><\/a><\/h3>\n<p>J&#8217;accorde une importance toute particuli\u00e8re au choix des bois constituant les instruments. Chaque essence poss\u00e8de son identit\u00e9. J&#8217;utilise aussi bien des essences locales que des bois pr\u00e9cieux exotiques tant pour leur qualit\u00e9 acoustique qu&#8217;esth\u00e9tique et ce, dans le respect et la tradition du m\u00e9tier.<\/p>\n<h3><\/h3>\n<h3>Les vernis<\/h3>\n<p><a href=\"http:\/\/leguyader-luthier.com\/wp-content\/uploads\/2014\/02\/LEGUYADER-ATELIER-LUTHERIE__0081.jpg\"><img loading=\"lazy\" class=\"alignleft size-medium wp-image-227\" alt=\"LEGUYADER-ATELIER-LUTHERIE__0081\" src=\"http:\/\/leguyader-luthier.com\/wp-content\/uploads\/2014\/02\/LEGUYADER-ATELIER-LUTHERIE__0081-405x270.jpg\" width=\"405\" height=\"270\" srcset=\"http:\/\/leguyader-luthier.com\/wp-content\/uploads\/2014\/02\/LEGUYADER-ATELIER-LUTHERIE__0081-405x270.jpg 405w, http:\/\/leguyader-luthier.com\/wp-content\/uploads\/2014\/02\/LEGUYADER-ATELIER-LUTHERIE__0081-611x407.jpg 611w, http:\/\/leguyader-luthier.com\/wp-content\/uploads\/2014\/02\/LEGUYADER-ATELIER-LUTHERIE__0081.jpg 1000w\" sizes=\"(max-width: 405px) 100vw, 405px\" \/><\/a> <a href=\"http:\/\/leguyader-luthier.com\/wp-content\/uploads\/2014\/02\/LEGUYADER-ATELIER-LUTHERIE__0045.jpg\"><img loading=\"lazy\" class=\"alignleft size-medium wp-image-226\" alt=\"LEGUYADER-ATELIER-LUTHERIE__0045\" src=\"http:\/\/leguyader-luthier.com\/wp-content\/uploads\/2014\/02\/LEGUYADER-ATELIER-LUTHERIE__0045-405x270.jpg\" width=\"405\" height=\"270\" srcset=\"http:\/\/leguyader-luthier.com\/wp-content\/uploads\/2014\/02\/LEGUYADER-ATELIER-LUTHERIE__0045-405x270.jpg 405w, http:\/\/leguyader-luthier.com\/wp-content\/uploads\/2014\/02\/LEGUYADER-ATELIER-LUTHERIE__0045-611x407.jpg 611w, http:\/\/leguyader-luthier.com\/wp-content\/uploads\/2014\/02\/LEGUYADER-ATELIER-LUTHERIE__0045.jpg 1000w\" sizes=\"(max-width: 405px) 100vw, 405px\" \/><\/a> J&#8217;emploie exclusivement des vernis gras ou vernis \u00e0 l&#8217;huile pr\u00e9par\u00e9s par mes soins en r\u00e9f\u00e9rence aux recettes historiques.<\/p>\n<h3><\/h3>\n<h3>Les chevilles<\/h3>\n<p><a href=\"http:\/\/leguyader-luthier.com\/wp-content\/uploads\/2014\/02\/LEGUYADER-ATELIER-LUTHERIE__02971.jpg\"><img loading=\"lazy\" class=\"alignnone size-medium wp-image-228\" alt=\"LEGUYADER-ATELIER-LUTHERIE__0297\" src=\"http:\/\/leguyader-luthier.com\/wp-content\/uploads\/2014\/02\/LEGUYADER-ATELIER-LUTHERIE__02971-405x270.jpg\" width=\"405\" height=\"270\" srcset=\"http:\/\/leguyader-luthier.com\/wp-content\/uploads\/2014\/02\/LEGUYADER-ATELIER-LUTHERIE__02971-405x270.jpg 405w, http:\/\/leguyader-luthier.com\/wp-content\/uploads\/2014\/02\/LEGUYADER-ATELIER-LUTHERIE__02971-611x407.jpg 611w, http:\/\/leguyader-luthier.com\/wp-content\/uploads\/2014\/02\/LEGUYADER-ATELIER-LUTHERIE__02971.jpg 1000w\" sizes=\"(max-width: 405px) 100vw, 405px\" \/><\/a> <a href=\"http:\/\/leguyader-luthier.com\/wp-content\/uploads\/2014\/02\/LEGUYADER-ATELIER-LUTHERIE__0310.jpg\"><img loading=\"lazy\" class=\"alignnone size-medium wp-image-229\" alt=\"LEGUYADER-ATELIER-LUTHERIE__0310\" src=\"http:\/\/leguyader-luthier.com\/wp-content\/uploads\/2014\/02\/LEGUYADER-ATELIER-LUTHERIE__0310-405x270.jpg\" width=\"405\" height=\"270\" srcset=\"http:\/\/leguyader-luthier.com\/wp-content\/uploads\/2014\/02\/LEGUYADER-ATELIER-LUTHERIE__0310-405x270.jpg 405w, http:\/\/leguyader-luthier.com\/wp-content\/uploads\/2014\/02\/LEGUYADER-ATELIER-LUTHERIE__0310-611x407.jpg 611w, http:\/\/leguyader-luthier.com\/wp-content\/uploads\/2014\/02\/LEGUYADER-ATELIER-LUTHERIE__0310.jpg 1000w\" sizes=\"(max-width: 405px) 100vw, 405px\" \/><\/a> Je tourne mes propres chevilles \u00e0 partir de mod\u00e8les d&#8217;\u00e9poque (sources iconographiques ou mus\u00e9ographiques) d\u00e9s lors totalement adapt\u00e9es aux instruments. Pi\u00e8ces uniques, elles sont r\u00e9alis\u00e9es en diff\u00e9rents bois : \u00e9b\u00e8ne, palissandre, prunier, buis, etc &#8230;<\/p>\n<\/p>\n<p><\/p>","protected":false},"excerpt":{"rendered":"<p>A traduire en anglais. L&#8217;environnement Les bois J&#8217;accorde une importance toute particuli\u00e8re au choix des bois constituant les instruments. Chaque essence poss\u00e8de son identit\u00e9. J&#8217;utilise aussi bien des essences locales que des bois pr\u00e9cieux exotiques tant pour leur qualit\u00e9 acoustique qu&#8217;esth\u00e9tique et ce, dans le respect et la tradition du m\u00e9tier. Les vernis J&#8217;emploie exclusivement [&hellip;]<\/p>\n","protected":false},"author":1,"featured_media":1962,"parent":0,"menu_order":0,"comment_status":"closed","ping_status":"open","template":"","meta":[],"_links":{"self":[{"href":"http:\/\/leguyader-luthier.com\/en\/wp-json\/wp\/v2\/pages\/67"}],"collection":[{"href":"http:\/\/leguyader-luthier.com\/en\/wp-json\/wp\/v2\/pages"}],"about":[{"href":"http:\/\/leguyader-luthier.com\/en\/wp-json\/wp\/v2\/types\/page"}],"author":[{"embeddable":true,"href":"http:\/\/leguyader-luthier.com\/en\/wp-json\/wp\/v2\/users\/1"}],"replies":[{"embeddable":true,"href":"http:\/\/leguyader-luthier.com\/en\/wp-json\/wp\/v2\/comments?post=67"}],"version-history":[{"count":11,"href":"http:\/\/leguyader-luthier.com\/en\/wp-json\/wp\/v2\/pages\/67\/revisions"}],"predecessor-version":[{"id":1881,"href":"http:\/\/leguyader-luthier.com\/en\/wp-json\/wp\/v2\/pages\/67\/revisions\/1881"}],"wp:featuredmedia":[{"embeddable":true,"href":"http:\/\/leguyader-luthier.com\/en\/wp-json\/wp\/v2\/media\/1962"}],"wp:attachment":[{"href":"http:\/\/leguyader-luthier.com\/en\/wp-json\/wp\/v2\/media?parent=67"}],"curies":[{"name":"wp","href":"https:\/\/api.w.org\/{rel}","templated":true}]}}